{"id":16,"date":"2025-10-17T12:20:03","date_gmt":"2025-10-17T15:20:03","guid":{"rendered":"https:\/\/uncorazonnuncaviajasolo.com\/?page_id=16"},"modified":"2025-10-17T18:29:47","modified_gmt":"2025-10-17T21:29:47","slug":"inicio","status":"publish","type":"page","link":"https:\/\/uncorazonnuncaviajasolo.com\/","title":{"rendered":"Inicio"},"content":{"rendered":"\t\t<div data-elementor-type=\"wp-page\" data-elementor-id=\"16\" class=\"elementor elementor-16\">\n\t\t\t\t<div class=\"elementor-element elementor-element-b9a2fc3 e-flex e-con-boxed e-con e-parent\" data-id=\"b9a2fc3\" data-element_type=\"container\">\n\t\t\t\t\t<div class=\"e-con-inner\">\n\t\t\t\t<div class=\"elementor-element elementor-element-d51eecc elementor-widget elementor-widget-image\" data-id=\"d51eecc\" data-element_type=\"widget\" data-widget_type=\"image.default\">\n\t\t\t\t\t\t\t\t\t\t\t\t\t\t\t<img fetchpriority=\"high\" decoding=\"async\" width=\"1209\" height=\"302\" src=\"https:\/\/uncorazonnuncaviajasolo.com\/wp-content\/uploads\/2025\/10\/logo-un-corazon-nunca-viaja-solo.png\" class=\"attachment-full size-full wp-image-20\" alt=\"\" \/>\t\t\t\t\t\t\t\t\t\t\t\t\t\t\t<\/div>\n\t\t\t\t\t<\/div>\n\t\t\t\t<\/div>\n\t\t<div class=\"elementor-element elementor-element-bf7f501 e-flex e-con-boxed e-con e-parent\" data-id=\"bf7f501\" data-element_type=\"container\">\n\t\t\t\t\t<div class=\"e-con-inner\">\n\t\t<div class=\"elementor-element elementor-element-514a1e9 e-con-full e-flex e-con e-child\" data-id=\"514a1e9\" data-element_type=\"container\">\n\t\t\t\t<div class=\"elementor-element elementor-element-9353419 elementor-widget elementor-widget-image\" data-id=\"9353419\" data-element_type=\"widget\" data-widget_type=\"image.default\">\n\t\t\t\t\t\t\t\t\t\t\t\t\t\t\t<img decoding=\"async\" width=\"459\" height=\"75\" src=\"https:\/\/uncorazonnuncaviajasolo.com\/wp-content\/uploads\/2025\/10\/logos-entidades.png\" class=\"attachment-full size-full wp-image-21\" alt=\"\" \/>\t\t\t\t\t\t\t\t\t\t\t\t\t\t\t<\/div>\n\t\t\t\t<\/div>\n\t\t<div class=\"elementor-element elementor-element-aa7b86a e-con-full e-flex e-con e-child\" data-id=\"aa7b86a\" data-element_type=\"container\">\n\t\t\t\t<div class=\"elementor-element elementor-element-af5c262 elementor-widget elementor-widget-image\" data-id=\"af5c262\" data-element_type=\"widget\" data-widget_type=\"image.default\">\n\t\t\t\t\t\t\t\t\t\t\t\t\t\t\t<img decoding=\"async\" width=\"422\" height=\"49\" src=\"https:\/\/uncorazonnuncaviajasolo.com\/wp-content\/uploads\/2025\/10\/haz-que-pase.png\" class=\"attachment-full size-full wp-image-22\" alt=\"\" \/>\t\t\t\t\t\t\t\t\t\t\t\t\t\t\t<\/div>\n\t\t\t\t<\/div>\n\t\t\t\t\t<\/div>\n\t\t\t\t<\/div>\n\t\t<div class=\"elementor-element elementor-element-cac6c3b e-flex e-con-boxed e-con e-parent\" data-id=\"cac6c3b\" data-element_type=\"container\" data-settings=\"{&quot;background_background&quot;:&quot;classic&quot;}\">\n\t\t\t\t\t<div class=\"e-con-inner\">\n\t\t\t\t<div class=\"elementor-element elementor-element-fb66b7a elementor-widget elementor-widget-video\" data-id=\"fb66b7a\" data-element_type=\"widget\" data-settings=\"{&quot;youtube_url&quot;:&quot;https:\\\/\\\/youtu.be\\\/sguK_4byM1g&quot;,&quot;video_type&quot;:&quot;youtube&quot;,&quot;controls&quot;:&quot;yes&quot;}\" data-widget_type=\"video.default\">\n\t\t\t\t\t\t\t<div class=\"elementor-wrapper elementor-open-inline\">\n\t\t\t<div class=\"elementor-video\"><\/div>\t\t<\/div>\n\t\t\t\t\t\t<\/div>\n\t\t<div class=\"elementor-element elementor-element-169c664 e-con-full e-flex e-con e-child\" data-id=\"169c664\" data-element_type=\"container\">\n\t\t<div class=\"elementor-element elementor-element-911ae2f e-flex e-con-boxed e-con e-child\" data-id=\"911ae2f\" data-element_type=\"container\">\n\t\t\t\t\t<div class=\"e-con-inner\">\n\t\t\t\t<div class=\"elementor-element elementor-element-7e4d60c elementor-absolute elementor-hidden-mobile elementor-widget elementor-widget-image\" data-id=\"7e4d60c\" data-element_type=\"widget\" data-settings=\"{&quot;_position&quot;:&quot;absolute&quot;}\" data-widget_type=\"image.default\">\n\t\t\t\t\t\t\t\t\t\t\t\t\t\t\t<img loading=\"lazy\" decoding=\"async\" width=\"702\" height=\"1175\" src=\"https:\/\/uncorazonnuncaviajasolo.com\/wp-content\/uploads\/2025\/10\/audifonos.png\" class=\"attachment-full size-full wp-image-24\" alt=\"\" \/>\t\t\t\t\t\t\t\t\t\t\t\t\t\t\t<\/div>\n\t\t\t\t<div class=\"elementor-element elementor-element-a2d6c60 elementor-hidden-desktop elementor-hidden-tablet elementor-widget elementor-widget-image\" data-id=\"a2d6c60\" data-element_type=\"widget\" data-widget_type=\"image.default\">\n\t\t\t\t\t\t\t\t\t\t\t\t\t\t\t<img loading=\"lazy\" decoding=\"async\" width=\"702\" height=\"1175\" src=\"https:\/\/uncorazonnuncaviajasolo.com\/wp-content\/uploads\/2025\/10\/audifonos.png\" class=\"attachment-full size-full wp-image-24\" alt=\"\" \/>\t\t\t\t\t\t\t\t\t\t\t\t\t\t\t<\/div>\n\t\t\t\t\t<\/div>\n\t\t\t\t<\/div>\n\t\t<div class=\"elementor-element elementor-element-16d26bc e-flex e-con-boxed e-con e-child\" data-id=\"16d26bc\" data-element_type=\"container\">\n\t\t\t\t\t<div class=\"e-con-inner\">\n\t\t\t\t<div class=\"elementor-element elementor-element-c59452e elementor-widget elementor-widget-heading\" data-id=\"c59452e\" data-element_type=\"widget\" data-widget_type=\"heading.default\">\n\t\t\t\t\t<h2 class=\"elementor-heading-title elementor-size-default\">\u00bfPara qu\u00e9<\/h2>\t\t\t\t<\/div>\n\t\t\t\t<div class=\"elementor-element elementor-element-37df5ae elementor-widget elementor-widget-heading\" data-id=\"37df5ae\" data-element_type=\"widget\" data-widget_type=\"heading.default\">\n\t\t\t\t\t<h2 class=\"elementor-heading-title elementor-size-default\">est\u00e1s donando?<\/h2>\t\t\t\t<\/div>\n\t\t\t\t<div class=\"elementor-element elementor-element-7b396c4 elementor-widget elementor-widget-text-editor\" data-id=\"7b396c4\" data-element_type=\"widget\" data-widget_type=\"text-editor.default\">\n\t\t\t\t\t\t\t\t\t<p>En los \u00faltimos cinco a\u00f1os, <strong>m\u00e1s de 1.280.000 personas han transitado por Necocl\u00ed<\/strong>.\u00a0Con tu ayuda, <strong>cada donaci\u00f3n se convierte en un kit<\/strong> que alimenta y en un latido que acompa\u00f1a su camino.<\/p>\t\t\t\t\t\t\t\t<\/div>\n\t\t\t\t<div class=\"elementor-element elementor-element-5690811 elementor-widget-divider--view-line elementor-widget elementor-widget-divider\" data-id=\"5690811\" data-element_type=\"widget\" data-widget_type=\"divider.default\">\n\t\t\t\t\t\t\t<div class=\"elementor-divider\">\n\t\t\t<span class=\"elementor-divider-separator\">\n\t\t\t\t\t\t<\/span>\n\t\t<\/div>\n\t\t\t\t\t\t<\/div>\n\t\t\t\t<div class=\"elementor-element elementor-element-f6d8c26 elementor-widget elementor-widget-heading\" data-id=\"f6d8c26\" data-element_type=\"widget\" data-widget_type=\"heading.default\">\n\t\t\t\t\t<h2 class=\"elementor-heading-title elementor-size-default\">\u00bfQu\u00e9 ganamos?<\/h2>\t\t\t\t<\/div>\n\t\t\t\t<div class=\"elementor-element elementor-element-756cdc2 elementor-widget elementor-widget-text-editor\" data-id=\"756cdc2\" data-element_type=\"widget\" data-widget_type=\"text-editor.default\">\n\t\t\t\t\t\t\t\t\t<p>Lo que ganamos es humanidad compartida. <strong>Porque la vulnerabilidad del otro tambi\u00e9n puede ser la nuestra<\/strong>, y al tender la mano descubrimos que la Congregaci\u00f3n y sus misioneros no caminan solos, caminamos todos.<\/p>\t\t\t\t\t\t\t\t<\/div>\n\t\t\t\t\t<\/div>\n\t\t\t\t<\/div>\n\t\t\t\t<\/div>\n\t\t\t\t\t<\/div>\n\t\t\t\t<\/div>\n\t\t<div class=\"elementor-element elementor-element-0cbe63f e-flex e-con-boxed e-con e-parent\" data-id=\"0cbe63f\" data-element_type=\"container\" data-settings=\"{&quot;background_background&quot;:&quot;classic&quot;}\">\n\t\t\t\t\t<div class=\"e-con-inner\">\n\t\t<div class=\"elementor-element elementor-element-023b921 e-flex e-con-boxed e-con e-child\" data-id=\"023b921\" data-element_type=\"container\">\n\t\t\t\t\t<div class=\"e-con-inner\">\n\t\t\t\t<div class=\"elementor-element elementor-element-059246e elementor-widget elementor-widget-image\" data-id=\"059246e\" data-element_type=\"widget\" data-widget_type=\"image.default\">\n\t\t\t\t\t\t\t\t\t\t\t\t\t\t\t<img loading=\"lazy\" decoding=\"async\" width=\"757\" height=\"505\" src=\"https:\/\/uncorazonnuncaviajasolo.com\/wp-content\/uploads\/2025\/10\/img-01.jpg\" class=\"attachment-large size-large wp-image-72\" alt=\"\" \/>\t\t\t\t\t\t\t\t\t\t\t\t\t\t\t<\/div>\n\t\t\t\t<div class=\"elementor-element elementor-element-6837660 elementor-widget elementor-widget-image\" data-id=\"6837660\" data-element_type=\"widget\" data-widget_type=\"image.default\">\n\t\t\t\t\t\t\t\t\t\t\t\t\t\t\t<img loading=\"lazy\" decoding=\"async\" width=\"757\" height=\"505\" src=\"https:\/\/uncorazonnuncaviajasolo.com\/wp-content\/uploads\/2025\/10\/img-02.jpg\" class=\"attachment-large size-large wp-image-73\" alt=\"\" \/>\t\t\t\t\t\t\t\t\t\t\t\t\t\t\t<\/div>\n\t\t\t\t\t<\/div>\n\t\t\t\t<\/div>\n\t\t<div class=\"elementor-element elementor-element-cc19d32 e-flex e-con-boxed e-con e-child\" data-id=\"cc19d32\" data-element_type=\"container\">\n\t\t\t\t\t<div class=\"e-con-inner\">\n\t\t\t\t<div class=\"elementor-element elementor-element-c49c876 elementor-widget elementor-widget-heading\" data-id=\"c49c876\" data-element_type=\"widget\" data-widget_type=\"heading.default\">\n\t\t\t\t\t<h2 class=\"elementor-heading-title elementor-size-default\">Gracias a ellos\n<br>esto es posible<\/h2>\t\t\t\t<\/div>\n\t\t\t\t<div class=\"elementor-element elementor-element-8efd8a0 elementor-widget-divider--view-line elementor-widget elementor-widget-divider\" data-id=\"8efd8a0\" data-element_type=\"widget\" data-widget_type=\"divider.default\">\n\t\t\t\t\t\t\t<div class=\"elementor-divider\">\n\t\t\t<span class=\"elementor-divider-separator\">\n\t\t\t\t\t\t<\/span>\n\t\t<\/div>\n\t\t\t\t\t\t<\/div>\n\t\t\t\t<div class=\"elementor-element elementor-element-9407589 elementor-widget elementor-widget-text-editor\" data-id=\"9407589\" data-element_type=\"widget\" data-widget_type=\"text-editor.default\">\n\t\t\t\t\t\t\t\t\t<p><strong>Ellos son el primer latido de esta cadena<\/strong>, los que sostienen la esperanza en medio del camino, los que convierten cada donaci\u00f3n en alimento, y humanidad.<\/p><p><strong>La Congregaci\u00f3n de las Hermanas de la Caridad Dominicas de la presentaci\u00f3n de la sant\u00edsima virgen y los misioneros<\/strong> saben que el servicio no conoce fronteras, por eso, son el coraz\u00f3n que late m\u00e1s cerca, para que otros corazones, como el tuyo, puedan unirse al viaje.<\/p>\t\t\t\t\t\t\t\t<\/div>\n\t\t\t\t\t<\/div>\n\t\t\t\t<\/div>\n\t\t\t\t\t<\/div>\n\t\t\t\t<\/div>\n\t\t<div class=\"elementor-element elementor-element-283099e e-flex e-con-boxed e-con e-parent\" data-id=\"283099e\" data-element_type=\"container\" data-settings=\"{&quot;background_background&quot;:&quot;classic&quot;}\">\n\t\t\t\t\t<div class=\"e-con-inner\">\n\t\t\t\t<div class=\"elementor-element elementor-element-517c3bd elementor-widget elementor-widget-heading\" data-id=\"517c3bd\" data-element_type=\"widget\" data-widget_type=\"heading.default\">\n\t\t\t\t\t<h2 class=\"elementor-heading-title elementor-size-default\">Hicimos de la distancia un espacio<\/h2>\t\t\t\t<\/div>\n\t\t\t\t<div class=\"elementor-element elementor-element-8a16328 elementor-widget elementor-widget-heading\" data-id=\"8a16328\" data-element_type=\"widget\" data-widget_type=\"heading.default\">\n\t\t\t\t\t<h2 class=\"elementor-heading-title elementor-size-default\">para encontrarnos de coraz\u00f3n<\/h2>\t\t\t\t<\/div>\n\t\t<div class=\"elementor-element elementor-element-49bcb99 e-con-full e-flex e-con e-child\" data-id=\"49bcb99\" data-element_type=\"container\">\n\t\t<div class=\"elementor-element elementor-element-a06c09f e-con-full e-flex e-con e-child\" data-id=\"a06c09f\" data-element_type=\"container\">\n\t\t<div class=\"elementor-element elementor-element-3e767a3 e-con-full e-flex e-con e-child\" data-id=\"3e767a3\" data-element_type=\"container\">\n\t\t\t\t<div class=\"elementor-element elementor-element-c10c16e elementor-widget elementor-widget-image\" data-id=\"c10c16e\" data-element_type=\"widget\" data-widget_type=\"image.default\">\n\t\t\t\t\t\t\t\t\t\t\t\t\t\t\t<img loading=\"lazy\" decoding=\"async\" width=\"440\" height=\"389\" src=\"https:\/\/uncorazonnuncaviajasolo.com\/wp-content\/uploads\/2025\/10\/img-03.jpg\" class=\"attachment-large size-large wp-image-87\" alt=\"\" \/>\t\t\t\t\t\t\t\t\t\t\t\t\t\t\t<\/div>\n\t\t\t\t<\/div>\n\t\t<div class=\"elementor-element elementor-element-b85baf0 e-con-full e-flex e-con e-child\" data-id=\"b85baf0\" data-element_type=\"container\">\n\t\t\t\t<div class=\"elementor-element elementor-element-f05757b elementor-widget elementor-widget-text-editor\" data-id=\"f05757b\" data-element_type=\"widget\" data-widget_type=\"text-editor.default\">\n\t\t\t\t\t\t\t\t\t<p>Canci\u00f3n un coraz\u00f3n nunca viaja solo<\/p>\t\t\t\t\t\t\t\t<\/div>\n\t\t\t\t<\/div>\n\t\t\t\t<\/div>\n\t\t<div class=\"elementor-element elementor-element-09fc023 e-con-full e-flex e-con e-child\" data-id=\"09fc023\" data-element_type=\"container\">\n\t\t\t\t<div class=\"elementor-element elementor-element-034ac99 elementor-widget elementor-widget-text-editor\" data-id=\"034ac99\" data-element_type=\"widget\" data-widget_type=\"text-editor.default\">\n\t\t\t\t\t\t\t\t\t<p>Escucha nuestra canci\u00f3n y sincroniza tus latidos con los de quienes siguen caminando. <strong>Porque cuando la m\u00fasica une, un coraz\u00f3n nunca viaja solo.<\/strong><\/p>\t\t\t\t\t\t\t\t<\/div>\n\t\t\t\t<\/div>\n\t\t\t\t<\/div>\n\t\t<div class=\"elementor-element elementor-element-a3340f4 e-con-full e-flex e-con e-child\" data-id=\"a3340f4\" data-element_type=\"container\">\n\t\t<div class=\"elementor-element elementor-element-f3ecf8a e-con-full e-flex e-con e-child\" data-id=\"f3ecf8a\" data-element_type=\"container\">\n\t\t<div class=\"elementor-element elementor-element-cd541cb e-con-full e-flex e-con e-child\" data-id=\"cd541cb\" data-element_type=\"container\">\n\t\t\t\t<div class=\"elementor-element elementor-element-aad8a0c elementor-widget elementor-widget-image\" data-id=\"aad8a0c\" data-element_type=\"widget\" data-widget_type=\"image.default\">\n\t\t\t\t\t\t\t\t\t\t\t\t\t\t\t<img loading=\"lazy\" decoding=\"async\" width=\"440\" height=\"389\" src=\"https:\/\/uncorazonnuncaviajasolo.com\/wp-content\/uploads\/2025\/10\/img-04.jpg\" class=\"attachment-large size-large wp-image-88\" alt=\"\" \/>\t\t\t\t\t\t\t\t\t\t\t\t\t\t\t<\/div>\n\t\t\t\t<\/div>\n\t\t<div class=\"elementor-element elementor-element-f168ca7 e-con-full e-flex e-con e-child\" data-id=\"f168ca7\" data-element_type=\"container\">\n\t\t\t\t<div class=\"elementor-element elementor-element-aa1a1b5 elementor-widget elementor-widget-text-editor\" data-id=\"aa1a1b5\" data-element_type=\"widget\" data-widget_type=\"text-editor.default\">\n\t\t\t\t\t\t\t\t\t<p>Cu\u00f1a un coraz\u00f3n nunca viaja solo<\/p>\t\t\t\t\t\t\t\t<\/div>\n\t\t\t\t<\/div>\n\t\t\t\t<\/div>\n\t\t<div class=\"elementor-element elementor-element-f229ac9 e-con-full e-flex e-con e-child\" data-id=\"f229ac9\" data-element_type=\"container\">\n\t\t\t\t<div class=\"elementor-element elementor-element-fe480ca elementor-widget elementor-widget-text-editor\" data-id=\"fe480ca\" data-element_type=\"widget\" data-widget_type=\"text-editor.default\">\n\t\t\t\t\t\t\t\t\t<p>Escucha nuestra cu\u00f1a y descubre c\u00f3mo un mensaje puede encender esperanza <strong>sumando latidos en un mismo ritmo<\/strong>.<\/p>\t\t\t\t\t\t\t\t<\/div>\n\t\t\t\t<\/div>\n\t\t\t\t<\/div>\n\t\t<div class=\"elementor-element elementor-element-60a81fd e-con-full e-flex e-con e-child\" data-id=\"60a81fd\" data-element_type=\"container\">\n\t\t<div class=\"elementor-element elementor-element-ab2cb42 e-con-full e-flex e-con e-child\" data-id=\"ab2cb42\" data-element_type=\"container\">\n\t\t\t\t<div class=\"elementor-element elementor-element-dc68d6c elementor-widget elementor-widget-video\" data-id=\"dc68d6c\" data-element_type=\"widget\" data-settings=\"{&quot;youtube_url&quot;:&quot;https:\\\/\\\/youtu.be\\\/sguK_4byM1g&quot;,&quot;video_type&quot;:&quot;youtube&quot;,&quot;controls&quot;:&quot;yes&quot;}\" data-widget_type=\"video.default\">\n\t\t\t\t\t\t\t<div class=\"elementor-wrapper elementor-open-inline\">\n\t\t\t<div class=\"elementor-video\"><\/div>\t\t<\/div>\n\t\t\t\t\t\t<\/div>\n\t\t\t\t<\/div>\n\t\t<div class=\"elementor-element elementor-element-95bbd9b e-con-full e-flex e-con e-child\" data-id=\"95bbd9b\" data-element_type=\"container\">\n\t\t\t\t<div class=\"elementor-element elementor-element-3ce28b1 elementor-widget elementor-widget-text-editor\" data-id=\"3ce28b1\" data-element_type=\"widget\" data-widget_type=\"text-editor.default\">\n\t\t\t\t\t\t\t\t\t<p>An\u00edmate a ver esta historia, donde los pasos solitarios se transforman en compa\u00f1\u00eda<strong> gracias a latidos que se encuentran en la distancia<\/strong>.<\/p>\t\t\t\t\t\t\t\t<\/div>\n\t\t\t\t<\/div>\n\t\t\t\t<\/div>\n\t\t<div class=\"elementor-element elementor-element-9210bf9 e-con-full e-flex e-con e-child\" data-id=\"9210bf9\" data-element_type=\"container\">\n\t\t<div class=\"elementor-element elementor-element-9136b39 e-con-full e-flex e-con e-child\" data-id=\"9136b39\" data-element_type=\"container\">\n\t\t\t\t<div class=\"elementor-element elementor-element-be60891 elementor-widget elementor-widget-image\" data-id=\"be60891\" data-element_type=\"widget\" data-widget_type=\"image.default\">\n\t\t\t\t\t\t\t\t\t\t\t\t\t\t\t<img loading=\"lazy\" decoding=\"async\" width=\"800\" height=\"373\" src=\"https:\/\/uncorazonnuncaviajasolo.com\/wp-content\/uploads\/2025\/10\/img-05.png\" class=\"attachment-large size-large wp-image-89\" alt=\"\" \/>\t\t\t\t\t\t\t\t\t\t\t\t\t\t\t<\/div>\n\t\t\t\t<\/div>\n\t\t<div class=\"elementor-element elementor-element-bbb1f45 e-con-full e-flex e-con e-child\" data-id=\"bbb1f45\" data-element_type=\"container\">\n\t\t\t\t<div class=\"elementor-element elementor-element-cce245f elementor-widget elementor-widget-text-editor\" data-id=\"cce245f\" data-element_type=\"widget\" data-widget_type=\"text-editor.default\">\n\t\t\t\t\t\t\t\t\t<p>An\u00edmate a ver esta historia, donde los pasos solitarios se transforman en compa\u00f1\u00eda<strong> gracias a latidos que se encuentran en la distancia<\/strong>.<\/p>\t\t\t\t\t\t\t\t<\/div>\n\t\t\t\t<\/div>\n\t\t\t\t<\/div>\n\t\t\t\t<div class=\"elementor-element elementor-element-d6855c8 elementor-widget elementor-widget-heading\" data-id=\"d6855c8\" data-element_type=\"widget\" data-widget_type=\"heading.default\">\n\t\t\t\t\t<h2 class=\"elementor-heading-title elementor-size-default\">Gracias a ustedes<\/h2>\t\t\t\t<\/div>\n\t\t\t\t<div class=\"elementor-element elementor-element-21f198d elementor-widget elementor-widget-heading\" data-id=\"21f198d\" data-element_type=\"widget\" data-widget_type=\"heading.default\">\n\t\t\t\t\t<h2 class=\"elementor-heading-title elementor-size-default\">un coraz\u00f3n<\/h2>\t\t\t\t<\/div>\n\t\t\t\t<div class=\"elementor-element elementor-element-7f81a3a elementor-widget elementor-widget-heading\" data-id=\"7f81a3a\" data-element_type=\"widget\" data-widget_type=\"heading.default\">\n\t\t\t\t\t<h2 class=\"elementor-heading-title elementor-size-default\">nunca viaja solo<\/h2>\t\t\t\t<\/div>\n\t\t\t\t\t<\/div>\n\t\t\t\t<\/div>\n\t\t<div class=\"elementor-element elementor-element-10ded9c e-flex e-con-boxed e-con e-parent\" data-id=\"10ded9c\" data-element_type=\"container\">\n\t\t\t\t\t<div class=\"e-con-inner\">\n\t\t\t\t<div class=\"elementor-element elementor-element-e9262eb elementor-widget elementor-widget-image\" data-id=\"e9262eb\" data-element_type=\"widget\" data-widget_type=\"image.default\">\n\t\t\t\t\t\t\t\t\t\t\t\t\t\t\t<img loading=\"lazy\" decoding=\"async\" width=\"800\" height=\"128\" src=\"https:\/\/uncorazonnuncaviajasolo.com\/wp-content\/uploads\/2025\/10\/logos-entidades-footer.png\" class=\"attachment-large size-large wp-image-99\" alt=\"\" \/>\t\t\t\t\t\t\t\t\t\t\t\t\t\t\t<\/div>\n\t\t\t\t\t<\/div>\n\t\t\t\t<\/div>\n\t\t<div class=\"elementor-element elementor-element-0b8920b animated-slow e-flex e-con-boxed elementor-invisible e-con e-parent\" data-id=\"0b8920b\" data-element_type=\"container\" data-settings=\"{&quot;position&quot;:&quot;fixed&quot;,&quot;animation&quot;:&quot;fadeInLeft&quot;}\">\n\t\t\t\t\t<div class=\"e-con-inner\">\n\t\t\t\t<div class=\"elementor-element elementor-element-e3e5890 elementor-absolute elementor-widget elementor-widget-image\" data-id=\"e3e5890\" data-element_type=\"widget\" data-settings=\"{&quot;_position&quot;:&quot;absolute&quot;}\" data-widget_type=\"image.default\">\n\t\t\t\t\t\t\t\t\t\t\t\t\t\t\t<img loading=\"lazy\" decoding=\"async\" width=\"560\" height=\"316\" src=\"https:\/\/uncorazonnuncaviajasolo.com\/wp-content\/uploads\/2025\/10\/donacion.jpeg\" class=\"attachment-full size-full wp-image-109\" alt=\"\" \/>\t\t\t\t\t\t\t\t\t\t\t\t\t\t\t<\/div>\n\t\t\t\t\t<\/div>\n\t\t\t\t<\/div>\n\t\t\t\t<\/div>\n\t\t","protected":false},"excerpt":{"rendered":"<p>https:\/\/youtu.be\/sguK_4byM1g \u00bfPara qu\u00e9 est\u00e1s donando? En los \u00faltimos cinco a\u00f1os, m\u00e1s de 1.280.000 personas han transitado por Necocl\u00ed.\u00a0Con tu ayuda, cada donaci\u00f3n se convierte en un kit que alimenta y en un latido que acompa\u00f1a su camino. \u00bfQu\u00e9 ganamos? Lo que ganamos es humanidad compartida. Porque la vulnerabilidad del otro tambi\u00e9n puede ser la nuestra, [&hellip;]<\/p>\n","protected":false},"author":1,"featured_media":0,"parent":0,"menu_order":0,"comment_status":"closed","ping_status":"closed","template":"elementor_canvas","meta":{"footnotes":""},"class_list":["post-16","page","type-page","status-publish","hentry"],"_links":{"self":[{"href":"https:\/\/uncorazonnuncaviajasolo.com\/index.php?rest_route=\/wp\/v2\/pages\/16","targetHints":{"allow":["GET"]}}],"collection":[{"href":"https:\/\/uncorazonnuncaviajasolo.com\/index.php?rest_route=\/wp\/v2\/pages"}],"about":[{"href":"https:\/\/uncorazonnuncaviajasolo.com\/index.php?rest_route=\/wp\/v2\/types\/page"}],"author":[{"embeddable":true,"href":"https:\/\/uncorazonnuncaviajasolo.com\/index.php?rest_route=\/wp\/v2\/users\/1"}],"replies":[{"embeddable":true,"href":"https:\/\/uncorazonnuncaviajasolo.com\/index.php?rest_route=%2Fwp%2Fv2%2Fcomments&post=16"}],"version-history":[{"count":121,"href":"https:\/\/uncorazonnuncaviajasolo.com\/index.php?rest_route=\/wp\/v2\/pages\/16\/revisions"}],"predecessor-version":[{"id":154,"href":"https:\/\/uncorazonnuncaviajasolo.com\/index.php?rest_route=\/wp\/v2\/pages\/16\/revisions\/154"}],"wp:attachment":[{"href":"https:\/\/uncorazonnuncaviajasolo.com\/index.php?rest_route=%2Fwp%2Fv2%2Fmedia&parent=16"}],"curies":[{"name":"wp","href":"https:\/\/api.w.org\/{rel}","templated":true}]}}